{"id":677,"date":"2015-01-06T08:32:53","date_gmt":"2015-01-06T08:32:53","guid":{"rendered":"https:\/\/greladesign.co\/blog\/?page_id=677"},"modified":"2015-01-22T21:19:22","modified_gmt":"2015-01-22T21:19:22","slug":"lista-zyczen-wishlist","status":"publish","type":"page","link":"https:\/\/greladesign.co\/blog\/lista-zyczen-wishlist\/","title":{"rendered":"Lista \u017cycze\u0144 (Wishlist)"},"content":{"rendered":"<p>Ksi\u0105\u017cki kt\u00f3re bym chcia\u0142, szczeg\u00f3\u0142y po wybraniu pozycji z listy:<br \/>\n<ul class=\"lcp_catlist\" id=\"lcp_instance_1\"><li ><a href=\"https:\/\/greladesign.co\/blog\/2015\/02\/20\/agresja-17-wrzesnia-1939\/\" title=\"Agresja 17 Wrze\u015bnia 1939\">Agresja 17 Wrze\u015bnia 1939 - Jerzy \u0141ojek<\/a>  <\/li><li ><a href=\"https:\/\/greladesign.co\/blog\/2015\/01\/24\/bez-ostatniego-rozdzialu\/\" title=\"Bez ostatniego rozdzia\u0142u\">Bez ostatniego rozdzia\u0142u - W\u0142adys\u0142aw Anders<\/a>  <\/li><li ><a href=\"https:\/\/greladesign.co\/blog\/2015\/11\/08\/byli-i-beda\/\" title=\"Byli i b\u0119d\u0105\">Byli i b\u0119d\u0105 - Maria Rodziewicz\u00f3wna<\/a>  <\/li><li ><a href=\"https:\/\/greladesign.co\/blog\/2015\/01\/05\/cieniom-wrzesnia\/\" title=\"Cieniom Wrze\u015bnia\">Cieniom Wrze\u015bnia - Kazimierz Sosnkowski<\/a>  <\/li><li ><a href=\"https:\/\/greladesign.co\/blog\/2015\/05\/20\/czerwone-noce\/\" title=\"Czerwone Noce\">Czerwone Noce - Henryk Cybulski<\/a>  <\/li><li ><a href=\"https:\/\/greladesign.co\/blog\/2015\/11\/08\/dewajtis\/\" title=\"Dewajtis\">Dewajtis - Maria Rodziewicz\u00f3wna<\/a>  <\/li><li ><a href=\"https:\/\/greladesign.co\/blog\/2015\/11\/08\/dwie-rady\/\" title=\"Dwie Rady\">Dwie Rady - Maria Rodziewicz\u00f3wna<\/a>  <\/li><li ><a href=\"https:\/\/greladesign.co\/blog\/2015\/01\/07\/dzieje-ziem-wielkiego-ksiestwa-litewskiego\/\" title=\"Dzieje Ziem Wielkiego Ksi\u0119stwa Litewskiego\">Dzieje Ziem Wielkiego Ksi\u0119stwa Litewskiego - praca zbiorowa<\/a>  <\/li><li ><a href=\"https:\/\/greladesign.co\/blog\/2015\/05\/19\/eichmann-w-jerozolimie-rzecz-o-banalnosci-zla\/\" title=\"Eichmann w Jerozolimie. Rzecz o banalno\u015bci z\u0142a\">Eichmann w Jerozolimie. Rzecz o banalno\u015bci z\u0142a - Hannah Arendt<\/a>  <\/li><li ><a href=\"https:\/\/greladesign.co\/blog\/2015\/01\/22\/ejszyszki-pogrom-ktorego-nie-bylo-epilog-stosunkow-polsko-zydowskich-na-kresach-1944-1945\/\" title=\"Ejszyszki. Pogrom, kt\u00f3rego nie by\u0142o. Epilog stosunk\u00f3w Polsko-\u017bydowskich na kresach (1944-1945)\">Ejszyszki. Pogrom, kt\u00f3rego nie by\u0142o. Epilog stosunk\u00f3w Polsko-\u017bydowskich na kresach (1944-1945) - Marek Jan Chodakiewicz<\/a>  <\/li><li ><a href=\"https:\/\/greladesign.co\/blog\/2015\/11\/08\/florian-z-wielkiej-hluszy\/\" title=\"Florian z Wielkiej H\u0142uszy\">Florian z Wielkiej H\u0142uszy - Maria Rodziewicz\u00f3wna<\/a>  <\/li><li ><a href=\"https:\/\/greladesign.co\/blog\/2015\/01\/13\/gibraltar-i-katyn-co-kryja-archiwa-rosyjskie-i-brytyjskie\/\" title=\"Gibraltar i Katy\u0144 &#8211; Co kryj\u0105 archiwa rosyjskie i brytyjskie\">Gibraltar i Katy\u0144 &#8211; Co kryj\u0105 archiwa rosyjskie i brytyjskie - Tadeusz A. Kisielewski<\/a>  <\/li><li ><a href=\"https:\/\/greladesign.co\/blog\/2015\/06\/30\/historia-czlowieka-myslacego-lech-karol-neyman-1908-1948-biografia-polityczna\/\" title=\"Historia cz\u0142owieka my\u015bl\u0105cego. Lech Karol Neyman (1908\u20131948). Biografia polityczna\">Historia cz\u0142owieka my\u015bl\u0105cego. Lech Karol Neyman (1908\u20131948). Biografia polityczna - Rafa\u0142 Sierchu\u0142a<\/a>  <\/li><li ><a href=\"https:\/\/greladesign.co\/blog\/2015\/01\/07\/inny-swiat\/\" title=\"Inny \u015awiat\">Inny \u015awiat - Gustaw Herling-Grudzi\u0144ski<\/a>  <\/li><li ><a href=\"https:\/\/greladesign.co\/blog\/2015\/01\/05\/jozef-pilsudski-zyciorys\/\" title=\"J\u00f3zef Pi\u0142sudski &#8211; \u017byciorys\">J\u00f3zef Pi\u0142sudski &#8211; \u017byciorys - Wac\u0142aw J\u0119drzejewicz<\/a>  <\/li><\/ul><ul class='lcp_paginator'><li class='lcp_currentpage'>1<\/li><li><a href='https:\/\/greladesign.co\/blog\/wp-json\/wp\/v2\/pages\/677?lcp_page1=2#lcp_instance_1' title='2'>2<\/a><\/li><li><a href='https:\/\/greladesign.co\/blog\/wp-json\/wp\/v2\/pages\/677?lcp_page1=3#lcp_instance_1' title='3'>3<\/a><\/li><li><a href='https:\/\/greladesign.co\/blog\/wp-json\/wp\/v2\/pages\/677?lcp_page1=2#lcp_instance_1' title='2'>>><\/a><\/li><\/ul><\/p>\n","protected":false},"excerpt":{"rendered":"<p>Ksi\u0105\u017cki kt\u00f3re bym chcia\u0142, szczeg\u00f3\u0142y po wybraniu pozycji z listy:<\/p>\n","protected":false},"author":1,"featured_media":0,"parent":0,"menu_order":0,"comment_status":"closed","ping_status":"closed","template":"","meta":{"_import_markdown_pro_load_document_selector":0,"_import_markdown_pro_submit_text_textarea":""},"_links":{"self":[{"href":"https:\/\/greladesign.co\/blog\/wp-json\/wp\/v2\/pages\/677"}],"collection":[{"href":"https:\/\/greladesign.co\/blog\/wp-json\/wp\/v2\/pages"}],"about":[{"href":"https:\/\/greladesign.co\/blog\/wp-json\/wp\/v2\/types\/page"}],"author":[{"embeddable":true,"href":"https:\/\/greladesign.co\/blog\/wp-json\/wp\/v2\/users\/1"}],"replies":[{"embeddable":true,"href":"https:\/\/greladesign.co\/blog\/wp-json\/wp\/v2\/comments?post=677"}],"version-history":[{"count":9,"href":"https:\/\/greladesign.co\/blog\/wp-json\/wp\/v2\/pages\/677\/revisions"}],"predecessor-version":[{"id":723,"href":"https:\/\/greladesign.co\/blog\/wp-json\/wp\/v2\/pages\/677\/revisions\/723"}],"wp:attachment":[{"href":"https:\/\/greladesign.co\/blog\/wp-json\/wp\/v2\/media?parent=677"}],"curies":[{"name":"wp","href":"https:\/\/api.w.org\/{rel}","templated":true}]}}